{"id":30,"date":"2025-11-04T17:04:06","date_gmt":"2025-11-04T16:04:06","guid":{"rendered":"http:\/\/www.wagenrad-schlagerbar.de\/?page_id=30"},"modified":"2025-11-06T18:53:53","modified_gmt":"2025-11-06T17:53:53","slug":"angebote","status":"publish","type":"page","link":"https:\/\/www.wagenrad-schlagerbar.de\/index.php\/angebote\/","title":{"rendered":"Angebote"},"content":{"rendered":"\n<p>Zu angemeldeten Gesellschaften gibt es Catering im Haus.F\u00fcr die Detailbesprechung nutzen Sie bitte einer der Kontaktm\u00f6glichkeiten. Die Zusammenstellung der kalten Platten, und\/oder Grillwaren, werden nach Ihren W\u00fcnschen, zu Ihrem Event zubereitet. Die Preisgestaltung richtet sich nach Ihren W\u00fcnschen und k\u00f6nnen vorab besprochen werden.<\/p>\n\n\n\n<p>Bildergalerie Beispielplatten Catering f\u00fcr Gesellschaften:<\/p>\n\n\n\n<figure class=\"wp-block-image size-full is-resized\"><img decoding=\"async\" width=\"1920\" height=\"1440\" src=\"https:\/\/www.wagenrad-schlagerbar.de\/wp-content\/uploads\/2025\/11\/Fischplatte2.webp\" alt=\"\" class=\"wp-image-112\" style=\"width:454px;height:auto\" \/><\/figure>\n\n\n\n<p>K\u00e4seplatten<\/p>\n\n\n\n<div class=\"wp-block-columns is-layout-flex wp-container-core-columns-is-layout-28f84493 wp-block-columns-is-layout-flex\">\n<div class=\"wp-block-column is-layout-flow wp-block-column-is-layout-flow\" style=\"flex-basis:50%\">\n<figure class=\"wp-block-image size-full\"><img decoding=\"async\" width=\"1920\" height=\"1440\" src=\"https:\/\/www.wagenrad-schlagerbar.de\/wp-content\/uploads\/2025\/11\/Gem.Kaeseplatte.webp\" alt=\"\" class=\"wp-image-115\" \/><\/figure>\n<\/div>\n\n\n\n<div class=\"wp-block-column is-layout-flow wp-block-column-is-layout-flow\" style=\"flex-basis:50%\">\n<figure class=\"wp-block-image size-full\"><img decoding=\"async\" width=\"1920\" height=\"1440\" src=\"https:\/\/www.wagenrad-schlagerbar.de\/wp-content\/uploads\/2025\/11\/Kaeseplatte.webp\" alt=\"\" class=\"wp-image-120\" \/><\/figure>\n<\/div>\n<\/div>\n\n\n\n<p>Wurstplatten<\/p>\n\n\n\n<div class=\"wp-block-columns is-layout-flex wp-container-core-columns-is-layout-28f84493 wp-block-columns-is-layout-flex\">\n<div class=\"wp-block-column is-layout-flow wp-block-column-is-layout-flow\" style=\"flex-basis:33.34%\">\n<figure class=\"wp-block-image size-full\"><img decoding=\"async\" width=\"1920\" height=\"1440\" src=\"https:\/\/www.wagenrad-schlagerbar.de\/wp-content\/uploads\/2025\/11\/Wurstplatte3.webp\" alt=\"\" class=\"wp-image-132\" \/><\/figure>\n<\/div>\n\n\n\n<div class=\"wp-block-column is-layout-flow wp-block-column-is-layout-flow\" style=\"flex-basis:33.34%\">\n<figure class=\"wp-block-image size-full\"><img decoding=\"async\" width=\"1920\" height=\"1440\" src=\"https:\/\/www.wagenrad-schlagerbar.de\/wp-content\/uploads\/2025\/11\/Wurstplatte2.webp\" alt=\"\" class=\"wp-image-131\" \/><\/figure>\n<\/div>\n\n\n\n<div class=\"wp-block-column is-layout-flow wp-block-column-is-layout-flow\" style=\"flex-basis:33.33%\">\n<figure class=\"wp-block-image size-full\"><img decoding=\"async\" width=\"1920\" height=\"1440\" src=\"https:\/\/www.wagenrad-schlagerbar.de\/wp-content\/uploads\/2025\/11\/Wurstplatte.webp\" alt=\"\" class=\"wp-image-130\" \/><\/figure>\n<\/div>\n<\/div>\n\n\n\n<p>Eindr\u00fccke von Dicobetrieb:<\/p>\n\n\n\n<div class=\"wp-block-columns is-layout-flex wp-container-core-columns-is-layout-28f84493 wp-block-columns-is-layout-flex\">\n<div class=\"wp-block-column is-layout-flow wp-block-column-is-layout-flow\" style=\"flex-basis:33.34%\">\n<figure class=\"wp-block-image size-full\"><img decoding=\"async\" width=\"1920\" height=\"1440\" src=\"https:\/\/www.wagenrad-schlagerbar.de\/wp-content\/uploads\/2025\/11\/DJatwork.webp\" alt=\"\" class=\"wp-image-110\" \/><\/figure>\n<\/div>\n\n\n\n<div class=\"wp-block-column is-layout-flow wp-block-column-is-layout-flow\" style=\"flex-basis:33.34%\">\n<figure class=\"wp-block-image size-full\"><img decoding=\"async\" width=\"1920\" height=\"1440\" src=\"https:\/\/www.wagenrad-schlagerbar.de\/wp-content\/uploads\/2025\/11\/Discobereich.webp\" alt=\"\" class=\"wp-image-109\" \/><\/figure>\n<\/div>\n\n\n\n<div class=\"wp-block-column is-layout-flow wp-block-column-is-layout-flow\" style=\"flex-basis:33.33%\">\n<figure class=\"wp-block-image size-full\"><img decoding=\"async\" width=\"1920\" height=\"1440\" src=\"https:\/\/www.wagenrad-schlagerbar.de\/wp-content\/uploads\/2025\/11\/Thekenbereich.webp\" alt=\"\" class=\"wp-image-126\" \/><\/figure>\n<\/div>\n<\/div>\n","protected":false},"excerpt":{"rendered":"<p>Zu angemeldeten Gesellschaften gibt es Catering im Haus.F\u00fcr die Detailbesprechung nutzen Sie bitte einer der Kontaktm\u00f6glichkeiten. Die Zusammenstellung<\/p>\n","protected":false},"author":1,"featured_media":0,"parent":0,"menu_order":0,"comment_status":"closed","ping_status":"closed","template":"","meta":{"footnotes":""},"class_list":["post-30","page","type-page","status-publish","hentry"],"_links":{"self":[{"href":"https:\/\/www.wagenrad-schlagerbar.de\/index.php\/wp-json\/wp\/v2\/pages\/30","targetHints":{"allow":["GET"]}}],"collection":[{"href":"https:\/\/www.wagenrad-schlagerbar.de\/index.php\/wp-json\/wp\/v2\/pages"}],"about":[{"href":"https:\/\/www.wagenrad-schlagerbar.de\/index.php\/wp-json\/wp\/v2\/types\/page"}],"author":[{"embeddable":true,"href":"https:\/\/www.wagenrad-schlagerbar.de\/index.php\/wp-json\/wp\/v2\/users\/1"}],"replies":[{"embeddable":true,"href":"https:\/\/www.wagenrad-schlagerbar.de\/index.php\/wp-json\/wp\/v2\/comments?post=30"}],"version-history":[{"count":12,"href":"https:\/\/www.wagenrad-schlagerbar.de\/index.php\/wp-json\/wp\/v2\/pages\/30\/revisions"}],"predecessor-version":[{"id":193,"href":"https:\/\/www.wagenrad-schlagerbar.de\/index.php\/wp-json\/wp\/v2\/pages\/30\/revisions\/193"}],"wp:attachment":[{"href":"https:\/\/www.wagenrad-schlagerbar.de\/index.php\/wp-json\/wp\/v2\/media?parent=30"}],"curies":[{"name":"wp","href":"https:\/\/api.w.org\/{rel}","templated":true}]}}