{"id":2,"date":"2025-11-04T16:19:39","date_gmt":"2025-11-04T15:19:39","guid":{"rendered":"http:\/\/192.168.2.112\/?page_id=2"},"modified":"2025-11-06T18:52:18","modified_gmt":"2025-11-06T17:52:18","slug":"startseite","status":"publish","type":"page","link":"https:\/\/www.wagenrad-schlagerbar.de\/","title":{"rendered":"Startseite"},"content":{"rendered":"\n<p class=\"has-black-color has-text-color has-link-color wp-elements-4474420b8096ad09b2fcc3ba034d375c\">Herzlich Willkommen<br>Bitte beachten Sie die ge\u00e4nderten \u00d6ffnungszeiten und Schlie\u00dftage unter Kontakt!<\/p>\n\n\n\n<p class=\"has-black-color has-text-color has-link-color wp-elements-a174c2ef42166e21c76e7ae04ac94931\">Im Wagenrad ist immer was los! Hierzu geh\u00f6rt sowohl der Discobetrieb, als auch Live Events mit regionalen K\u00fcnstlern.<br>Ebenso gibt es die M\u00f6glichkeit f\u00fcr Gesellschaften ab 10 Personen eine geschlossene Gesellschaft mit Catering zu buchen.<br>Der Discobetrieb ist t\u00e4glich ab 22 Uhr. Im Discobetrieb wird Schlager, Rock und Country gespielt.<\/p>\n\n\n\n<div class=\"wp-block-columns is-layout-flex wp-container-core-columns-is-layout-28f84493 wp-block-columns-is-layout-flex\">\n<div class=\"wp-block-column is-layout-flow wp-block-column-is-layout-flow\" style=\"flex-basis:50%\">\n<figure class=\"wp-block-image size-full\"><img decoding=\"async\" width=\"1920\" height=\"1440\" src=\"https:\/\/www.wagenrad-schlagerbar.de\/wp-content\/uploads\/2025\/11\/inaction-5.webp\" alt=\"\" class=\"wp-image-118\" \/><\/figure>\n<\/div>\n\n\n\n<div class=\"wp-block-column is-layout-flow wp-block-column-is-layout-flow\" style=\"flex-basis:50%\">\n<figure class=\"wp-block-image size-full\"><img decoding=\"async\" width=\"1920\" height=\"1440\" src=\"https:\/\/www.wagenrad-schlagerbar.de\/wp-content\/uploads\/2025\/11\/gartenbereich.webp\" alt=\"\" class=\"wp-image-114\" \/><\/figure>\n<\/div>\n<\/div>\n\n\n\n<p><\/p>\n","protected":false},"excerpt":{"rendered":"<p>Herzlich WillkommenBitte beachten Sie die ge\u00e4nderten \u00d6ffnungszeiten und Schlie\u00dftage unter Kontakt! Im Wagenrad ist immer was los! Hierzu<\/p>\n","protected":false},"author":1,"featured_media":0,"parent":0,"menu_order":0,"comment_status":"closed","ping_status":"open","template":"","meta":{"footnotes":""},"class_list":["post-2","page","type-page","status-publish","hentry"],"_links":{"self":[{"href":"https:\/\/www.wagenrad-schlagerbar.de\/index.php\/wp-json\/wp\/v2\/pages\/2","targetHints":{"allow":["GET"]}}],"collection":[{"href":"https:\/\/www.wagenrad-schlagerbar.de\/index.php\/wp-json\/wp\/v2\/pages"}],"about":[{"href":"https:\/\/www.wagenrad-schlagerbar.de\/index.php\/wp-json\/wp\/v2\/types\/page"}],"author":[{"embeddable":true,"href":"https:\/\/www.wagenrad-schlagerbar.de\/index.php\/wp-json\/wp\/v2\/users\/1"}],"replies":[{"embeddable":true,"href":"https:\/\/www.wagenrad-schlagerbar.de\/index.php\/wp-json\/wp\/v2\/comments?post=2"}],"version-history":[{"count":7,"href":"https:\/\/www.wagenrad-schlagerbar.de\/index.php\/wp-json\/wp\/v2\/pages\/2\/revisions"}],"predecessor-version":[{"id":185,"href":"https:\/\/www.wagenrad-schlagerbar.de\/index.php\/wp-json\/wp\/v2\/pages\/2\/revisions\/185"}],"wp:attachment":[{"href":"https:\/\/www.wagenrad-schlagerbar.de\/index.php\/wp-json\/wp\/v2\/media?parent=2"}],"curies":[{"name":"wp","href":"https:\/\/api.w.org\/{rel}","templated":true}]}}